{"id":110,"date":"2025-04-18T13:51:11","date_gmt":"2025-04-18T13:51:11","guid":{"rendered":"https:\/\/milo.friedrichs.ws\/?page_id=110"},"modified":"2025-10-19T07:38:03","modified_gmt":"2025-10-19T07:38:03","slug":"projekte","status":"publish","type":"page","link":"https:\/\/milo.friedrichs.ws\/?page_id=110","title":{"rendered":"Projekte"},"content":{"rendered":"\n<h2 class=\"wp-block-heading\">Selbstgemachtes Online Spiel:<\/h2>\n\n\n\n<p>Hier k\u00f6nnt Ihr mein Spiel spielen:<\/p>\n\n\n\n<div class=\"wp-block-buttons is-content-justification-center is-layout-flex wp-container-core-buttons-is-layout-a89b3969 wp-block-buttons-is-layout-flex\">\n<div class=\"wp-block-button\"><a class=\"wp-block-button__link wp-element-button\">Play (PC-Version)<\/a><\/div>\n\n\n\n<div class=\"wp-block-button\"><a class=\"wp-block-button__link wp-element-button\" href=\"https:\/\/milo.friedrichs.ws\/Games\/FruitCatchGame_smartphone.html\" target=\"_blank\" rel=\"noreferrer noopener\">Play (Smartphone Version)<\/a><\/div>\n<\/div>\n\n\n\n<p><br><a href=\"https:\/\/milo.friedrichs.ws\/Games\/FruitCatchGame.html\">https:\/\/milo.friedrichs.ws\/Games\/FruitCatchGame.html<\/a><\/p>\n\n\n\n<p><a href=\"https:\/\/milo.friedrichs.ws\/Games\/FruitCatchGame_smartphone.html\">https:\/\/milo.friedrichs.ws\/Games\/FruitCatchGame_smartphone.html<\/a><\/p>\n\n\n\n<p><strong><strong>Download:<\/strong><\/strong><\/p>\n\n\n\n<p>Das Spiel k\u00f6nnt Ihr herunterladen unter:<\/p>\n\n\n\n<ul class=\"wp-block-list\">\n<li>PC-Variante:  <a href=\"https:\/\/milo.friedrichs.ws\/wp-content\/uploads\/2025\/04\/Scratch-Projekt_CatchGame_4.zip\">[FruitCatchGame.zip]<\/a> (254 kB)<\/li>\n\n\n\n<li>Smartphone-Variante: <a href=\"https:\/\/milo.friedrichs.ws\/wp-content\/uploads\/2025\/04\/FruitCatchGame_smartphone.zip\">[FruitCatchGame_smartphone.zip<\/a>]<\/li>\n<\/ul>\n\n\n\n<p><strong>Spielanleitung:<\/strong><\/p>\n\n\n\n<ul class=\"wp-block-list\">\n<li>Mit dem Eimer muss man gesunde Fr\u00fcchte &#8222;essen&#8220;. Wenn man ungesunde S\u00fc\u00dfigkeiten isst (Donut), bekommt man ein Leben abzug.<\/li>\n\n\n\n<li>Den Eimer bewegt man mit den Pfeiltasten &#8222;&lt;=&#8220; und &#8222;=&gt;&#8220; nach links und rechts.<br>Bei der Smartphone Variante mit dem Finger wischen (Maus bewegen).<\/li>\n\n\n\n<li>Zum &#8222;essen&#8220; muss man die Leertaste dr\u00fccken.<\/li>\n<\/ul>\n\n\n\n<p>Hier ist eine <strong>Vorschau <\/strong>meines ersten Spiels:<\/p>\n\n\n\n<figure class=\"wp-block-video\"><video height=\"1080\" style=\"aspect-ratio: 1920 \/ 1080;\" width=\"1920\" controls src=\"https:\/\/milo.friedrichs.ws\/wp-content\/uploads\/2025\/04\/FruitCatchGame_1.mp4\"><\/video><\/figure>\n\n\n\n<p><a href=\"https:\/\/packager.turbowarp.org\">Konverter<\/a><sup data-fn=\"6cce73d6-9ccd-4e72-8f12-ddd52d595b07\" class=\"fn\"><a href=\"#6cce73d6-9ccd-4e72-8f12-ddd52d595b07\" id=\"6cce73d6-9ccd-4e72-8f12-ddd52d595b07-link\">1<\/a><\/sup><\/p>\n\n\n<ol class=\"wp-block-footnotes\"><li id=\"6cce73d6-9ccd-4e72-8f12-ddd52d595b07\">Konverter <a href=\"https:\/\/packager.turbowarp.org\/\">https:\/\/packager.turbowarp.org<\/a> <a href=\"#6cce73d6-9ccd-4e72-8f12-ddd52d595b07-link\" aria-label=\"Zur Fu\u00dfnotenreferenz 1 navigieren\">\u21a9\ufe0e<\/a><\/li><\/ol>","protected":false},"excerpt":{"rendered":"<p>Selbstgemachtes Online Spiel: Hier k\u00f6nnt Ihr mein Spiel spielen: https:\/\/milo.friedrichs.ws\/Games\/FruitCatchGame.html https:\/\/milo.friedrichs.ws\/Games\/FruitCatchGame_smartphone.html Download: Das Spiel k\u00f6nnt Ihr herunterladen unter: Spielanleitung: Hier ist eine Vorschau meines ersten Spiels: Konverter<\/p>\n","protected":false},"author":1,"featured_media":0,"parent":0,"menu_order":0,"comment_status":"closed","ping_status":"closed","template":"","meta":{"footnotes":"[{\"content\":\"Konverter <a href=\\\"https:\/\/packager.turbowarp.org\/\\\">https:\/\/packager.turbowarp.org<\/a>\",\"id\":\"6cce73d6-9ccd-4e72-8f12-ddd52d595b07\"}]"},"class_list":["post-110","page","type-page","status-publish","hentry"],"_links":{"self":[{"href":"https:\/\/milo.friedrichs.ws\/index.php?rest_route=\/wp\/v2\/pages\/110","targetHints":{"allow":["GET"]}}],"collection":[{"href":"https:\/\/milo.friedrichs.ws\/index.php?rest_route=\/wp\/v2\/pages"}],"about":[{"href":"https:\/\/milo.friedrichs.ws\/index.php?rest_route=\/wp\/v2\/types\/page"}],"author":[{"embeddable":true,"href":"https:\/\/milo.friedrichs.ws\/index.php?rest_route=\/wp\/v2\/users\/1"}],"replies":[{"embeddable":true,"href":"https:\/\/milo.friedrichs.ws\/index.php?rest_route=%2Fwp%2Fv2%2Fcomments&post=110"}],"version-history":[{"count":11,"href":"https:\/\/milo.friedrichs.ws\/index.php?rest_route=\/wp\/v2\/pages\/110\/revisions"}],"predecessor-version":[{"id":210,"href":"https:\/\/milo.friedrichs.ws\/index.php?rest_route=\/wp\/v2\/pages\/110\/revisions\/210"}],"wp:attachment":[{"href":"https:\/\/milo.friedrichs.ws\/index.php?rest_route=%2Fwp%2Fv2%2Fmedia&parent=110"}],"curies":[{"name":"wp","href":"https:\/\/api.w.org\/{rel}","templated":true}]}}